{"id":98,"date":"2025-10-07T16:09:35","date_gmt":"2025-10-07T16:09:35","guid":{"rendered":"https:\/\/lsgcon.de\/wordpress\/?page_id=98"},"modified":"2025-10-20T09:35:49","modified_gmt":"2025-10-20T09:35:49","slug":"datenschutz","status":"publish","type":"page","link":"https:\/\/lsgcon.de\/?page_id=98","title":{"rendered":"Datenschutz"},"content":{"rendered":"<div data-colibri-id=\"98-c1\" class=\"style-228 style-local-98-c1 position-relative\">\n  <!---->\n  <div data-colibri-component=\"section\" data-colibri-id=\"98-c2\" id=\"custom\" class=\"h-section h-section-global-spacing d-flex align-items-lg-center align-items-md-center align-items-center style-229 style-local-98-c2 position-relative\">\n    <!---->\n    <!---->\n    <div class=\"h-section-grid-container h-section-boxed-container\">\n      <!---->\n      <div data-colibri-id=\"98-c3\" class=\"h-row-container gutters-row-lg-2 gutters-row-md-2 gutters-row-0 gutters-row-v-lg-2 gutters-row-v-md-2 gutters-row-v-2 style-233 style-local-98-c3 position-relative\">\n        <!---->\n        <div class=\"h-row justify-content-lg-center justify-content-md-center justify-content-center align-items-lg-stretch align-items-md-stretch align-items-stretch gutters-col-lg-2 gutters-col-md-2 gutters-col-0 gutters-col-v-lg-2 gutters-col-v-md-2 gutters-col-v-2\">\n          <!---->\n          <div class=\"h-column h-column-container d-flex h-col-lg-auto h-col-md-auto h-col-auto style-234-outer style-local-98-c4-outer\">\n            <div data-colibri-id=\"98-c4\" class=\"d-flex h-flex-basis h-column__inner h-px-lg-2 h-px-md-2 h-px-2 v-inner-lg-2 v-inner-md-2 v-inner-2 style-234 style-local-98-c4 position-relative\">\n              <!---->\n              <!---->\n              <div class=\"w-100 h-y-container h-column__content h-column__v-align flex-basis-100 align-self-lg-start align-self-md-start align-self-start\">\n                <!---->\n                <div data-colibri-id=\"98-c5\" class=\"h-text h-text-component style-232 style-local-98-c5 position-relative h-element\">\n                  <!---->\n                  <!---->\n                  <div class=\"\">\n                    <h4>Datenschutzerkl\u00e4rung<\/h4>\n                    <h4>1. Allgemeine Hinweise und Pflichtinformationen<\/h4>\n                    <h5>1.1. Verantwortlicher \/ Dienstanbieter<\/h5>\n                    <p>Die verantwortliche Stelle im Sinne der Datenschutzgesetze, insbesondere der EU-DSGVO, ist:<\/p>\n                    <p>LSG Consulting GmbH\n                      <br>Gandorfer Str. 5\n                      <br>85419 Mauern\n                      <br>Deutschland<\/p>\n                    <p>E-Mail: mail@stefan-galka.de<\/p>\n                    <h5>1.2. Datenerfassung auf dieser Website<\/h5>\n                    <p>Wir erheben personenbezogene Daten, wenn Sie unsere Website nutzen, insbesondere beim Besuch, bei Formularen, bei Nutzung von eingebetteten Diensten und durch Tracking\/Analytics.&nbsp;Die folgenden Informationen geben Ihnen einen \u00dcberblick,\n                      welche Daten wir warum erheben, wie lange wir sie speichern und welche Rechte Sie haben.<\/p>\n                    <h4>2. Daten, die beim Besuch der Website automatisch verarbeitet werden (Logfiles etc.)<\/h4>\n                    <p>Wenn Sie unsere Website aufrufen, werden automatisch Informationen an den Server unseres Hosting-Anbieters (wint.global) \u00fcbermittelt. Diese \u201eServer-Logfiles\u201c enthalten z. B.<\/p>\n                    <ul>\n                      <li>&#8211; IP-Adresse (in anonymisierter \/ gek\u00fcrzter Form, sofern technisch m\u00f6glich)<\/li>\n                      <li>&#8211; Datum und Uhrzeit des Zugriffs<\/li>\n                      <li>&#8211; Aufgerufene Seite \/ URL<\/li>\n                      <li>&#8211; Referrer-URL (die zuvor besuchte Seite)<\/li>\n                      <li>&#8211; Browsertyp \/ Version<\/li>\n                      <li>&#8211; Betriebssystem<\/li>\n                      <li>&#8211; \u00dcbertragene Datenmenge<\/li>\n                      <li>&#8211; Statuscode (z. B. HTTP 200, 404)<\/li>\n                    <\/ul>\n                    <p>Diese Daten sind technisch erforderlich, um die Website bereitzustellen, ihre Sicherheit und Stabilit\u00e4t zu gew\u00e4hrleisten (Rechtsgrundlage: Art. 6 Abs. 1 lit. f DSGVO \u2013 berechtigtes Interesse).&nbsp;Die Daten werden in der Regel nach\n                      kurzer Zeit gel\u00f6scht, sofern keine besonderen gesetzlichen Aufbewahrungsfristen bestehen.<\/p>\n                    <p>3. Nutzung des Kontaktformulars \/ E-Mail-Kontakt<\/p>\n                    <p>Wenn Sie uns per Kontaktformular oder E-Mail Anfragen senden, werden Ihre in der Eingabemaske angegebenen Daten (z. B. Name, E-Mail, Nachricht) sowie Ihre IP-Adresse gespeichert, um Ihre Anfrage zu bearbeiten und gegebenenfalls R\u00fcckfragen\n                      zu stellen.&nbsp;Rechtsgrundlage: Art. 6 Abs. 1 lit. a (Einwilligung) bzw. Art. 6 Abs. 1 lit. f (berechtigtes Interesse an der Kommunikation). Ihre Daten werden sp\u00e4testens gel\u00f6scht, wenn der Zweck der Speicherung erf\u00fcllt ist und\n                      gesetzliche Aufbewahrungsfristen entfallen.<\/p>\n                    <p>4. Cookies, Tracking &amp; Analytics<\/p>\n                    <p>4.1. Cookies<\/p>\n                    <p>Wir verwenden auf dieser Website Cookies oder \u00e4hnliche Technologien (z. B. Local Storage), um bestimmte Funktionen zu erm\u00f6glichen, Analysen durchzuf\u00fchren oder Inhalte zu personalisieren.&nbsp;Sie k\u00f6nnen die Speicherung von Cookies\n                      \u00fcber die Einstellungen Ihres Browsers steuern oder ablehnen.&nbsp;(Achtung: Bei Ablehnung k\u00f6nnen einige Funktionen der Website eingeschr\u00e4nkt sein.)<\/p>\n                    <p>4.2. Google Analytics (inkl. ggf. Google Ads \/ Remarketing)<\/p>\n                    <p>Wir nutzen Google Analytics, einen Webanalysedienst der Google Ireland Limited (Gordon House, Barrow Street, Dublin 4, Irland).&nbsp;Google Analytics verwendet Cookies, mit denen eine Analyse Ihrer Nutzung unserer Website m\u00f6glich ist.\n                      Die dadurch erzeugten Informationen (einschlie\u00dflich Ihrer anonymisierten IP-Adresse) werden in der Regel an Server von Google in der EU bzw. in Drittl\u00e4ndern \u00fcbertragen und dort gespeichert.&nbsp;Wir haben mit Google einen Vertrag\n                      zur Auftragsverarbeitung (Art. 28 DSGVO) abgeschlossen.&nbsp;Die Analyse kann z. B. folgende Daten umfassen: Seitenaufrufe, Verweildauer, Absprungrate, Zielerreichungen, Herkunft der Besucher etc.&nbsp;Sie k\u00f6nnen die Erfassung durch\n                      Google Analytics verhindern, indem Sie ein Browser-Add-on zur Deaktivierung von Google Analytics installieren oder in Ihrem Cookie-Banner der Analyse widersprechen.&nbsp;(Je nach Konfiguration: ggf. anonymisierte IP-Erfassung, Datenspeicherung\n                      befristet auf z. B. 14 Monate)&nbsp;\u2192 Siehe Details \/ Opt-out-Optionen in unserem Cookie-Hinweis.<\/p>\n                    <p>5. Einbindung Dritter \/ soziale Netzwerke \/ eingebettete Inhalte<\/p>\n                    <p>5.1. YouTube<\/p>\n                    <p>Wir binden auf unserer Website Videos von YouTube ein. YouTube (Google) kann beim Abspielen Daten \u00fcber Nutzer (z. B. IP-Adresse, Nutzungsverhalten) erheben.&nbsp;Rechtsgrundlage: Art. 6 Abs. 1 lit. a DSGVO (Einwilligung durch Nutzer)\n                      bzw. Art. 6 Abs. 1 lit. f.&nbsp;Weiterf\u00fchrende Informationen finden Sie in der Datenschutzerkl\u00e4rung von Google \/ YouTube.<\/p>\n                    <p>5.2. Google Maps<\/p>\n                    <p>Wir verwenden Google Maps zur Anzeige von Karten. Dabei werden Daten an Google \u00fcbermittelt (z. B. zur Kartendarstellung, Geokoordinaten).&nbsp;Rechtsgrundlage: Art. 6 Abs. 1 lit. a (Einwilligung) bzw. Art. 6 Abs. 1 lit. f.&nbsp;Weitere\n                      Informationen entnehmen Sie der Datenschutzerkl\u00e4rung von Google Maps.<\/p>\n                    <p>5.3. LinkedIn, Xing<\/p>\n                    <p>Unsere Website enth\u00e4lt Verlinkungen oder Plugins zu LinkedIn und Xing (z. B. \u201eFolgen\u201c-Buttons, Social Plugins). Beim Anklicken dieser Verlinkungen oder Plugins kann es zu Daten\u00fcbertragungen an die Betreiber dieser Plattformen kommen.&nbsp;Rechtsgrundlage:\n                      Art. 6 Abs. 1 lit. a (Einwilligung) bzw. Art. 6 Abs. 1 lit. f. Wir empfehlen, sich vor Nutzung dieser Dienste bei LinkedIn \/ Xing \u00fcber deren Datenschutzbestimmungen zu informieren.<\/p>\n                    <p>6. Rechtsgrundlagen der Verarbeitung<\/p>\n                    <p>Je nach Art der Datenverarbeitung st\u00fctzen wir uns auf folgende Rechtsgrundlagen:<\/p>\n                    <p>| Verarbeitungsvorgang | Rechtsgrundlage |<\/p>\n                    <p>|&#8212;&#8212;&#8212;&#8212;&#8212;&#8212;&#8212;&#8211;|&#8212;&#8212;&#8212;&#8212;&#8212;&#8212;|<\/p>\n                    <p>| Erhebung von Logdaten | Art. 6 Abs. 1 lit. f (berechtigtes Interesse) |<\/p>\n                    <p>| Kontaktanfragen \/ Formulare | Art. 6 Abs. 1 lit. a (Einwilligung) und\/oder lit. f |<\/p>\n                    <p>| Cookies \/ Tracking | Art. 6 Abs. 1 lit. a (Einwilligung) |<\/p>\n                    <p>| Eingebettete Inhalte Dritter | Art. 6 Abs. 1 lit. a (Einwilligung) |<\/p>\n                    <p>7. Speicherdauer \/ L\u00f6schung von Daten<\/p>\n                    <p>Die von uns verarbeiteten personenbezogenen Daten werden grunds\u00e4tzlich nur so lange gespeichert, wie es f\u00fcr die Erf\u00fcllung der jeweiligen Zwecke erforderlich ist oder gesetzliche Aufbewahrungspflichten bestehen.&nbsp;Wenn der Zweck\n                      entf\u00e4llt, l\u00f6schen oder anonymisieren wir Ihre Daten, sofern dem keine gesetzlichen Pflichten entgegenstehen.<\/p>\n                    <p>8. Rechte der betroffenen Personen<\/p>\n                    <p>Sie haben als Nutzer bzw. betroffene Person folgende Rechte (gem\u00e4\u00df DSGVO):<\/p>\n                    <p>\n                      <br>\n                    <\/p>\n                    <p>&#8211; Auskunftsrecht: Sie k\u00f6nnen Auskunft \u00fcber die \u00fcber Sie gespeicherten personenbezogenen Daten verlangen.<\/p>\n                    <p>&#8211; Recht auf Berichtigung: Unrichtige oder unvollst\u00e4ndige Daten k\u00f6nnen berichtigt werden.<\/p>\n                    <p>&#8211; Recht auf L\u00f6schung (\u201eRecht auf Vergessenwerden\u201c), soweit keine gesetzlichen Aufbewahrungspflichten bestehen.<\/p>\n                    <p>&#8211; Recht auf Einschr\u00e4nkung der Verarbeitung.<\/p>\n                    <p>&#8211; Recht auf Daten\u00fcbertragbarkeit (sofern automatisiert verarbeitet und auf Grundlage einer Einwilligung oder eines Vertrags).<\/p>\n                    <p>&#8211; Widerspruchsrecht: Sie k\u00f6nnen der Verarbeitung Ihrer personenbezogenen Daten widersprechen, insbesondere bei Direktwerbung oder berechtigtem Interesse.<\/p>\n                    <p>&#8211; Widerruf der Einwilligung: Bereits erteilte Einwilligungen k\u00f6nnen Sie jederzeit mit Wirkung f\u00fcr die Zukunft widerrufen.<\/p>\n                    <p>&#8211; Beschwerderecht bei einer Aufsichtsbeh\u00f6rde (in Deutschland z. B. der Bayerische Landesbeauftragte f\u00fcr den Datenschutz).<\/p>\n                    <p>\n                      <br>\n                    <\/p>\n                    <h5>9. \u00c4nderung dieser Datenschutzerkl\u00e4rung<\/h5>\n                    <p>Wir behalten uns vor, diese Datenschutzerkl\u00e4rung bei Bedarf anzupassen, um sie an ge\u00e4nderte Rechtslagen oder technische \/ funktionale \u00c4nderungen anzupassen. Die jeweils aktuelle Version ist auf der Website abrufbar.<\/p>\n                    <p>\n                      <br>\n                    <\/p>\n                    <p>Stand: 7.10.2025<\/p>\n                    <p>\n                      <br>\n                    <\/p>\n                  <\/div>\n                <\/div>\n              <\/div>\n            <\/div>\n          <\/div>\n        <\/div>\n      <\/div>\n      <div data-colibri-id=\"98-c6\" class=\"h-row-container gutters-row-lg-2 gutters-row-md-2 gutters-row-0 gutters-row-v-lg-2 gutters-row-v-md-2 gutters-row-v-2 style-230 style-local-98-c6 position-relative\">\n        <!---->\n        <div class=\"h-row justify-content-lg-center justify-content-md-center justify-content-center align-items-lg-stretch align-items-md-stretch align-items-stretch gutters-col-lg-2 gutters-col-md-2 gutters-col-0 gutters-col-v-lg-2 gutters-col-v-md-2 gutters-col-v-2\">\n          <!---->\n          <div class=\"h-column h-column-container d-flex h-col-lg-auto h-col-md-auto h-col-auto style-231-outer style-local-98-c7-outer\">\n            <div data-colibri-id=\"98-c7\" class=\"d-flex h-flex-basis h-column__inner h-ui-empty-state-container h-px-lg-2 h-px-md-2 h-px-2 v-inner-lg-2 v-inner-md-2 v-inner-2 style-231 style-local-98-c7 position-relative\">\n              <!---->\n              <!---->\n              <div class=\"w-100 h-y-container h-column__content h-column__v-align flex-basis-100\">\n                <!---->\n              <\/div>\n            <\/div>\n          <\/div>\n        <\/div>\n      <\/div>\n    <\/div>\n  <\/div>\n<\/div>","protected":false},"excerpt":{"rendered":"<p>Datenschutzerkl\u00e4rung 1. Allgemeine Hinweise und Pflichtinformationen 1.1. Verantwortlicher \/ Dienstanbieter Die verantwortliche Stelle im Sinne der Datenschutzgesetze, insbesondere der EU-DSGVO, ist: LSG Consulting GmbH Gandorfer Str. 5 85419 Mauern Deutschland E-Mail: mail@stefan-galka.de 1.2. Datenerfassung auf dieser Website Wir erheben personenbezogene Daten, wenn Sie unsere Website nutzen, insbesondere beim Besuch, bei Formularen, bei Nutzung von eingebetteten [&hellip;]<\/p>\n","protected":false},"author":1,"featured_media":0,"parent":0,"menu_order":0,"comment_status":"closed","ping_status":"closed","template":"page-templates\/full-width-page.php","meta":{"footnotes":""},"class_list":["post-98","page","type-page","status-publish","hentry"],"_links":{"self":[{"href":"https:\/\/lsgcon.de\/index.php?rest_route=\/wp\/v2\/pages\/98","targetHints":{"allow":["GET"]}}],"collection":[{"href":"https:\/\/lsgcon.de\/index.php?rest_route=\/wp\/v2\/pages"}],"about":[{"href":"https:\/\/lsgcon.de\/index.php?rest_route=\/wp\/v2\/types\/page"}],"author":[{"embeddable":true,"href":"https:\/\/lsgcon.de\/index.php?rest_route=\/wp\/v2\/users\/1"}],"replies":[{"embeddable":true,"href":"https:\/\/lsgcon.de\/index.php?rest_route=%2Fwp%2Fv2%2Fcomments&post=98"}],"version-history":[{"count":7,"href":"https:\/\/lsgcon.de\/index.php?rest_route=\/wp\/v2\/pages\/98\/revisions"}],"predecessor-version":[{"id":466,"href":"https:\/\/lsgcon.de\/index.php?rest_route=\/wp\/v2\/pages\/98\/revisions\/466"}],"wp:attachment":[{"href":"https:\/\/lsgcon.de\/index.php?rest_route=%2Fwp%2Fv2%2Fmedia&parent=98"}],"curies":[{"name":"wp","href":"https:\/\/api.w.org\/{rel}","templated":true}]}}